{"id":134,"date":"2014-10-20T15:43:05","date_gmt":"2014-10-20T13:43:05","guid":{"rendered":"https:\/\/biere.alereno.org\/?page_id=134"},"modified":"2014-12-05T12:47:41","modified_gmt":"2014-12-05T10:47:41","slug":"appel-doffre","status":"publish","type":"page","link":"https:\/\/biere.alereno.org\/?page_id=134","title":{"rendered":"Appel d&rsquo;offre"},"content":{"rendered":"<p>Cet appel d&rsquo;offre est maintenant termin\u00e9&#8230; Je remercie tous ceux qui ont particip\u00e9 ! Je le laisse pour l&rsquo;historique&#8230;<\/p>\n<p>&#8212;&#8212;&#8212;&#8212;&#8212;&#8211;<\/p>\n<p><em>Je pars du principe que :<\/em><\/p>\n<ul>\n<li><em><a title=\"Comment fait-on de la bi\u00e8re ?\" href=\"https:\/\/biere.alereno.org\/?page_id=52\">Vous avez lu comment on fait de la bi\u00e8re sur cette page<\/a>, ou que vous vous en foutez, car ce qui compte vraiment : c&rsquo;est de la boire&#8230;<\/em><\/li>\n<li><em><a title=\"Mon projet de Brasserie\" href=\"https:\/\/biere.alereno.org\/?page_id=59\">Vous avez lu ce que je veux acheter, comment je vais l&rsquo;assembler, et comment je vais l&rsquo;utiliser<\/a>,\u00a0ou que vous me faites confiance pour faire les choses bien&#8230;<\/em><\/li>\n<\/ul>\n<p><em>Actuellement, j&rsquo;ai r\u00e9colt\u00e9 :<\/em><\/p>\n<h4><em><script type=\"text\/javascript\" src=\"https:\/\/www.google.com\/jsapi\"><\/script>\r\n<script type=\"text\/javascript\">\r\n  google.load('visualization', \"1\");\r\n  google.load(\"jquery\",  \"1.4.2\");\r\n  google.setOnLoadCallback(function() { SendReq() });\r\n  \r\n  function SendReq() {\r\n       var query = new google.visualization.Query(\"https:\/\/docs.google.com\/spreadsheets\/d\/1M9NiYFXZt3g4S9npssUb_sTmJR7pKhUut55oPr-qJks\/gviz\/tq?gid=166844232\");\r\n    query.setQuery('select *');\r\n\tquery.send(handleQueryResponse);\r\n\r\n\/*$(function(){\r\n          $('.parentDiv').children('.child').hide(0);\r\n          $('.parentDiv').mouseenter(function(){\r\n              $(this).children('p').children('.imageInTd').hide(0);\r\n              $(this).children('.child').show(0);\r\n          }).mouseleave(function(){\r\n              $(this).children('.child').hide(0);\r\n              $(this).children('p').children('.imageInTd').show(0);\r\n          });\r\n      });\r\n*\/\r\n  }\r\n  \r\n  handleQueryResponse = function(response) {\r\n    elem = document.getElementById(\"NumberOfThunes\");\r\n    if (response.isError()) {   \r\n  \t  elem.innerHTML = \"Ben, on ne sait pas ! le serveur ne r\u00e9pond pas...\";\r\n    } else {\r\n      nbCol = response.getDataTable().getNumberOfColumns();\r\n      nbLines = response.getDataTable().getNumberOfRows();\r\n      nbrep = response.getDataTable().getValue(1,2);\r\n      nbtun = response.getDataTable().getValue(1,5);\r\n      if (nbtun != null && nbrep != null) {\r\n        sympa = \"mais ca va venir...\";\r\n        if (nbtun > 0) sympa = \"Merci &agrave; vous...\";\r\n        if (nbtun > 100) sympa = \"Merci beaucoup...\";\r\n        if (nbtun > 500) sympa = \"Merci infiniment...\";\r\n        if (nbtun > 1500) sympa = \"C&agrave; commence &agrave; &ecirc;tre pas mal...\";\r\n        if (nbtun > 2800) sympa = \"C'est presque financ&eacute;...\";\r\n        if (nbtun > 3200) sympa = \"C'est tout bon, merci &agrave; tous !\";\r\n        elem.innerHTML = nbtun + \" CHF en \" + nbrep + \" r&eacute;ponses ! \" + sympa;\r\n        \/*elem.innerHTML = \"NbCol \" + nbCol + \", nbLines\" + nbLines;*\/\r\n      } else {\r\n          if (nbCol > 6) {\r\n             other = response.getDataTable().getValue(0,6);\r\n              if (other != null) {\r\n                  elem.innerHTML = other ;\r\n              } else {\r\n                  \/*elem.innerHTML = \"NbCol \" + nbCol + \", nbLines\" + nbLines;*\/\r\n              }\r\n          } else {\r\n              \/*elem.innerHTML = \"NbCol \" + nbCol + \", nbLines\" + nbLines;*\/\r\n          }\r\n      }\r\n    }\r\n  };\r\n<\/script>\r\n<div id=\"NumberOfThunes\" > 2200 CHF aux derni\u00e8res nouvelles <\/div><\/em><\/h4>\n<p><em>J&rsquo;ai besoin de soutien financier. Mon installation va chercher dans les 3000 francs. Par contre, je ne demande pas la charit\u00e9 \u00e0 100%. M&rsquo;inspirant fortement des techniques de financement participatif qu&rsquo;on voit un peu partout actuellement, <strong>je souhaite r\u00e9tribuer vos dons&#8230; en boisson !!!<\/strong><\/em><\/p>\n<h4><em>Le bar\u00e8me de dons (\u00e0 titre indicatif)<\/em><\/h4>\n<p><em>Ci-dessous, un petit tableau pr\u00e9sentant diverses options.<\/em><\/p>\n<table border=\"0\" width=\"672\" cellspacing=\"0\" cellpadding=\"0\">\n<colgroup>\n<col width=\"127\" \/>\n<col width=\"545\" \/> <\/colgroup>\n<tbody>\n<tr>\n<td width=\"127\" height=\"31\">\n<h3 style=\"text-align: left;\"><em><strong>Je te donne&#8230;<\/strong><\/em><\/h3>\n<\/td>\n<td width=\"565\">\n<h3 style=\"text-align: center;\"><em><strong>En retour j&rsquo;ai\u2026<\/strong><\/em><\/h3>\n<\/td>\n<\/tr>\n<tr>\n<td height=\"40\">\n<h3><em>20 CHF<\/em><\/h3>\n<\/td>\n<td width=\"545\" height=\"150\">\n<div class=\"parentDiv\">\n<p><em><img loading=\"lazy\" class=\" wp-image-272 aligncenter\" src=\"https:\/\/biere.alereno.org\/wp-content\/uploads\/2014\/10\/DonsOption01.png\" alt=\"DonsOption0\" width=\"236\" height=\"77\" srcset=\"https:\/\/biere.alereno.org\/wp-content\/uploads\/2014\/10\/DonsOption01.png 304w, https:\/\/biere.alereno.org\/wp-content\/uploads\/2014\/10\/DonsOption01-300x97.png 300w\" sizes=\"(max-width: 236px) 100vw, 236px\" \/><\/em><\/p>\n<div class=\"child\">\n<ul>\n<li><em><strong>L&rsquo;inscription \u00e0 la newsletter qui donne le droit de voter le style des bi\u00e8res brass\u00e9es.<\/strong><\/em><\/li>\n<li><em><strong>Une\u00a0invitation \u00e0 l&rsquo;inauguration et \u00e0 d&rsquo;autres Events de la brasserie Alereno.org (avec forc\u00e9ment des d\u00e9gustations).<\/strong><\/em><\/li>\n<\/ul>\n<\/div>\n<\/div>\n<\/td>\n<\/tr>\n<tr>\n<td height=\"60\">\n<h3><em>50 CHF<\/em><\/h3>\n<p><em>2.70CHF \/ 33cl<\/em><\/td>\n<td width=\"545\" height=\"150\">\n<div class=\"parentDiv\">\n<p><em><img loading=\"lazy\" class=\"alignnone size-full wp-image-273\" src=\"https:\/\/biere.alereno.org\/wp-content\/uploads\/2014\/10\/DonsOption11.png\" alt=\"DonsOption1\" width=\"560\" height=\"105\" srcset=\"https:\/\/biere.alereno.org\/wp-content\/uploads\/2014\/10\/DonsOption11.png 560w, https:\/\/biere.alereno.org\/wp-content\/uploads\/2014\/10\/DonsOption11-300x56.png 300w\" sizes=\"(max-width: 560px) 100vw, 560px\" \/><\/em><\/p>\n<div class=\"child\">\n<ul>\n<li><em>L&rsquo;inscription\u00a0+ l&rsquo;invitation&#8230;<\/em><\/li>\n<li><em><strong><span style=\"line-height: 2;\">Plus : 6l de bi\u00e8re que Reno choisira parmi les 10 premi\u00e8res cuv\u00e9es\u2026<\/span><\/strong><\/em><\/li>\n<\/ul>\n<\/div>\n<\/div>\n<\/td>\n<\/tr>\n<tr>\n<td height=\"60\">\n<h3><em>100 CHF<\/em><\/h3>\n<p><em>2.20CHF \/ 33cl<\/em><\/td>\n<td width=\"545\" height=\"150\">\n<div class=\"parentDiv\">\n<p><em><img loading=\"lazy\" class=\"alignnone wp-image-274 size-full\" src=\"https:\/\/biere.alereno.org\/wp-content\/uploads\/2014\/10\/DonsOption2-e1416301206606.png\" alt=\"DonsOption2\" width=\"529\" height=\"104\" srcset=\"https:\/\/biere.alereno.org\/wp-content\/uploads\/2014\/10\/DonsOption2-e1416301206606.png 529w, https:\/\/biere.alereno.org\/wp-content\/uploads\/2014\/10\/DonsOption2-e1416301206606-300x58.png 300w\" sizes=\"(max-width: 529px) 100vw, 529px\" \/><\/em><\/p>\n<div class=\"child\">\n<ul>\n<li><em>L&rsquo;inscription\u00a0+ l&rsquo;invitation&#8230;<\/em><\/li>\n<li><em><strong>Plus : 15l de bi\u00e8re que Reno choisira parmi les 12 premi\u00e8res cuv\u00e9es\u2026<\/strong><\/em><\/li>\n<\/ul>\n<\/div>\n<\/div>\n<\/td>\n<\/tr>\n<tr>\n<td height=\"40\">\n<h3><em>200 CHF<\/em><\/h3>\n<p><em>1.90CHF \/ 33cl<\/em><\/td>\n<td width=\"545\" height=\"160\">\n<div class=\"parentDiv\">\n<p><em><img loading=\"lazy\" class=\"alignnone size-full wp-image-275\" src=\"https:\/\/biere.alereno.org\/wp-content\/uploads\/2014\/10\/DonsOption3-e1416302158344.png\" alt=\"DonsOption3\" width=\"537\" height=\"101\" srcset=\"https:\/\/biere.alereno.org\/wp-content\/uploads\/2014\/10\/DonsOption3-e1416302158344.png 537w, https:\/\/biere.alereno.org\/wp-content\/uploads\/2014\/10\/DonsOption3-e1416302158344-300x56.png 300w\" sizes=\"(max-width: 537px) 100vw, 537px\" \/><\/em><\/p>\n<div class=\"child\">\n<ul>\n<li><em>L&rsquo;inscription\u00a0+ l&rsquo;invitation&#8230;<\/em><\/li>\n<li><em><strong>Plus : 5l de bi\u00e8re \u00e0 choisir parmi les cuv\u00e9es existantes (pour comprendre les styles).<\/strong><\/em><\/li>\n<li><em><strong>Et surtout : La possibilit\u00e9 de venir faire deux\u00a0cuv\u00e9es avec moi, et d&rsquo;imposer 2\u00a0recettes, puis de repartir avec 15l de chacune de ces recette (quelques semaines plus tard).<\/strong><\/em><\/li>\n<\/ul>\n<\/div>\n<\/div>\n<\/td>\n<\/tr>\n<tr>\n<td height=\"40\">\n<h3><em>500 CHF<\/em><\/h3>\n<p><em>1.85CHF \/ 33cl<\/em><\/td>\n<td width=\"545\" height=\"170\">\n<div class=\"parentDiv\">\n<p><em><img loading=\"lazy\" class=\"alignnone size-full wp-image-276\" src=\"https:\/\/biere.alereno.org\/wp-content\/uploads\/2014\/10\/DonsOption4-e1416302174578.png\" alt=\"DonsOption4\" width=\"533\" height=\"125\" srcset=\"https:\/\/biere.alereno.org\/wp-content\/uploads\/2014\/10\/DonsOption4-e1416302174578.png 533w, https:\/\/biere.alereno.org\/wp-content\/uploads\/2014\/10\/DonsOption4-e1416302174578-300x70.png 300w\" sizes=\"(max-width: 533px) 100vw, 533px\" \/><\/em><\/p>\n<div class=\"child\">\n<ul>\n<li><em>L&rsquo;inscription\u00a0+ l&rsquo;invitation&#8230;<\/em><\/li>\n<li><em><strong>Plus : 10l de bi\u00e8re \u00e0 choisir parmi les cuv\u00e9es existantes\u00a0(pour comprendre les styles).<\/strong><\/em><\/li>\n<li><em><strong>Et surtout : La possibilit\u00e9 de venir faire une cuv\u00e9e avec moi, et d&rsquo;imposer 4 recettes, puis de repartir avec 20l de chacune de ces trois recettes (quelques semaines plus tard).<\/strong><\/em><\/li>\n<\/ul>\n<\/div>\n<\/div>\n<\/td>\n<\/tr>\n<\/tbody>\n<\/table>\n<h5><em>Les pseudos conditions g\u00e9n\u00e9rales<\/em><\/h5>\n<ul>\n<li><em><span style=\"line-height: 1.5;\">Il est bien \u00e9vident que tout ce qui est mentionn\u00e9 ci-dessus, c&rsquo;est ce que je m&rsquo;engage \u00e0 vous donner <span style=\"text-decoration: underline;\">au minimum<\/span>. \u00c7\u00e0 pourra \u00eatre plus&#8230;<\/span><\/em><\/li>\n<li><em>Je vais me fixer de vous fournir les bi\u00e8res en 2015, probablement r\u00e9parti en plusieurs fois. Si je re\u00e7ois les 3000 CHF de dons, \u00e7a voudra dire que je devrais probablement fournir 400l de bi\u00e8re \u00e0 mes donateurs, ce qui veut dire qu\u2019il faudra que je brasse environ 600l sur 2015, ce qui signifie une fois par mois au minimum. Je pense pouvoir tenir ce rythme.<\/em><\/li>\n<li><em><span style=\"line-height: 1.5;\">Il est aussi bien \u00e9vident que si vous choisissiez de ne rien donner (ce que je comprendrais tout \u00e0 fait), cela ne signifiera pas que je ne vous offrirais jamais des bi\u00e8res !<\/span><\/em><\/li>\n<li><em>Si vous souhaitez me verser des montants diff\u00e9rents (notamment plus haut !), vous pouvez aussi&#8230;<\/em><\/li>\n<li><em>Ces dons ne sont PAS d\u00e9ductibles de vos imp\u00f4ts !<\/em><\/li>\n<li><em>Il y aura une consigne sur les bouteilles et les caisses que je vous fournirais.<\/em><\/li>\n<li><em>Si le projet ne se fait pas ou ne d\u00e9marre pas, car on n\u2019a pas atteint la limite de don, vous n\u2019aurez bien \u00e9videmment rien \u00e0 verser.<\/em><\/li>\n<\/ul>\n<h5><em>Vous pr\u00e9f\u00e9rez\u00a0aider ?<\/em><\/h5>\n<p><em>Si vous pensez aussi avoir des comp\u00e9tences, ou si vous avez de l\u2019outillage que je pourrais emprunter (emporte-pi\u00e8ces, perceuse \u00e0 colonne), ou si vous pouvez me fournir du matos d\u2019\u00e9lectricit\u00e9 ou d\u2019\u00e9lectronique (contacteur, c\u00e2bles de puissance, disjoncteur FI) je serais aussi tr\u00e8s int\u00e9ress\u00e9 et je vous ferais rentrer dans une des cat\u00e9gories de don ci-dessus suivant le service rendu \u2026<\/em><\/p>\n<p><em>Merci.<\/em><\/p>\n","protected":false},"excerpt":{"rendered":"<p>Cet appel d&rsquo;offre est maintenant termin\u00e9&#8230; Je remercie tous ceux qui ont particip\u00e9 ! Je le laisse pour l&rsquo;historique&#8230; &#8212;&#8212;&#8212;&#8212;&#8212;&#8211; Je pars du principe que : Vous avez lu comment on fait de la bi\u00e8re sur cette page, ou que vous vous en foutez, car ce qui compte vraiment : c&rsquo;est de la boire&#8230; Vous &hellip; <a href=\"https:\/\/biere.alereno.org\/?page_id=134\" class=\"more-link\">Continuer la lecture de <span class=\"screen-reader-text\">Appel d&rsquo;offre<\/span> <span class=\"meta-nav\">&rarr;<\/span><\/a><\/p>\n","protected":false},"author":1,"featured_media":0,"parent":150,"menu_order":1,"comment_status":"open","ping_status":"open","template":"","meta":[],"_links":{"self":[{"href":"https:\/\/biere.alereno.org\/index.php?rest_route=\/wp\/v2\/pages\/134"}],"collection":[{"href":"https:\/\/biere.alereno.org\/index.php?rest_route=\/wp\/v2\/pages"}],"about":[{"href":"https:\/\/biere.alereno.org\/index.php?rest_route=\/wp\/v2\/types\/page"}],"author":[{"embeddable":true,"href":"https:\/\/biere.alereno.org\/index.php?rest_route=\/wp\/v2\/users\/1"}],"replies":[{"embeddable":true,"href":"https:\/\/biere.alereno.org\/index.php?rest_route=%2Fwp%2Fv2%2Fcomments&post=134"}],"version-history":[{"count":60,"href":"https:\/\/biere.alereno.org\/index.php?rest_route=\/wp\/v2\/pages\/134\/revisions"}],"predecessor-version":[{"id":319,"href":"https:\/\/biere.alereno.org\/index.php?rest_route=\/wp\/v2\/pages\/134\/revisions\/319"}],"up":[{"embeddable":true,"href":"https:\/\/biere.alereno.org\/index.php?rest_route=\/wp\/v2\/pages\/150"}],"wp:attachment":[{"href":"https:\/\/biere.alereno.org\/index.php?rest_route=%2Fwp%2Fv2%2Fmedia&parent=134"}],"curies":[{"name":"wp","href":"https:\/\/api.w.org\/{rel}","templated":true}]}}