{"id":52,"date":"2014-10-06T15:44:18","date_gmt":"2014-10-06T13:44:18","guid":{"rendered":"https:\/\/biere.alereno.org\/?page_id=52"},"modified":"2014-10-20T15:42:49","modified_gmt":"2014-10-20T13:42:49","slug":"comment-fait-on-de-la-biere","status":"publish","type":"page","link":"https:\/\/biere.alereno.org\/?page_id=52","title":{"rendered":"Comment fait-on de la bi\u00e8re ?"},"content":{"rendered":"<p>La bi\u00e8re est grosso-modo un m\u00e9lange de\u00a0:<\/p>\n<ul>\n<li><strong>Flotte<\/strong>. Les caract\u00e9ristiques de l\u2019eau sont d\u2019ailleurs tr\u00e8s importantes et influencent pas mal le r\u00e9sultat final.<\/li>\n<li><strong>Malt<\/strong>. Le malt \u00e9tant le grain d\u2019une c\u00e9r\u00e9ale qu\u2019on aura mis en germination quelques heures puis s\u00e9ch\u00e9. Il y a plein de vari\u00e9t\u00e9 de grains et de m\u00e9thodes de s\u00e9chage qui caract\u00e9risent le malt. Le malt est responsable du go\u00fbt de c\u00e9r\u00e9ale des bi\u00e8res ainsi que de leur couleur.<\/li>\n<li><strong>Houblon<\/strong>. C\u2019est une petite plante dont on utilise les fleurs. Le houblon apporte \u00e0 la fois l\u2019amertume et le go\u00fbt ou le bouquet floral de la bi\u00e8re. Il y en a de multiples vari\u00e9t\u00e9s.<\/li>\n<li><strong>Levure<\/strong>. La levure est un petit organisme vivant qui a la facult\u00e9 d\u2019utiliser certains types de sucres pour vivre. En l\u2019utilisant, elle le transforme en alcool et en gaz carbonique. Il y a pleins de vari\u00e9t\u00e9s de levure r\u00e9parties en deux grandes familles, les levures de fermentation haute, qui donne de la bi\u00e8re de type Ale, et celle de fermentation basse qui produisent des bi\u00e8res de type Lager.<\/li>\n<\/ul>\n<p>Succinctement, le processus de fabrication est le suivant\u00a0:<\/p>\n<ul>\n<li><strong>Extraction du mo\u00fbt.<\/strong> On m\u00e9lange les grains avec la flotte (on \u00ab\u00a0brasse\u00a0\u00bb) et on s\u2019arrange pour que tout le sucre du grain passe dans l\u2019eau. Ensuite on filtre, \u00e7a donne un mo\u00fbt.<\/li>\n<li><strong>Houblonnage.<\/strong> On aromatise avec du houblon par infusion. Ensuite on filtre\u00a0: \u00e7a donne un mo\u00fbt houblonn\u00e9\u2026<\/li>\n<li><strong>Fermentation.<\/strong> On place ce mo\u00fbt en cuve de fermentation avec les levures et on attend que les levures aient utilis\u00e9 tout le sucre qu\u2019elle pouvait\u00a0: entre 10 jours et un mois \u00e0 temp\u00e9rature constante et pr\u00e9cise.<\/li>\n<li><strong>Mise en bouteille.<\/strong> Ensuite on met en f\u00fbt ou en bouteille, puis on rajoute du gaz par pressurisation ou on r\u00e9active les levures pour qu\u2019elle fabrique le gaz elles-m\u00eames.<\/li>\n<li><strong>Maturation.<\/strong> On laisse reposer en bouteilles ou en f\u00fbts quelques semaines si possible au froid.<\/li>\n<li><strong>D\u00e9gustation !<\/strong><\/li>\n<\/ul>\n<p>Chacune de ces \u00e9tapes est d\u00e9taill\u00e9 ci-dessous. Il faut savoir que n&rsquo;ayant toujours pas d&rsquo;installation ad\u00e9quate, je ne r\u00e9alise actuellement que la fermentation et les \u00e9tapes suivantes. J&rsquo;ach\u00e8te des kits d\u00e9j\u00e0 houblonn\u00e9 qui sont en fait un concentr\u00e9 r\u00e9alis\u00e9 industriellement m&rsquo;\u00e9vitant l&rsquo;\u00e9tape 1 et 2. Occasionnellement, je fais tout de m\u00eame mon propre houblonnage en utilisant des kits d&rsquo;extrait de malt \u00a0pur. Au d\u00e9but, c&rsquo;\u00e9tait tr\u00e8s bien car \u00e7\u00e0 m&rsquo;a permis de me familiariser avec la fermentation et la mise en bouteille. Mais aujourd&rsquo;hui, j&rsquo;aimerais <a title=\"Mon projet de Brasserie\" href=\"https:\/\/biere.alereno.org\/?page_id=59\">pouvoir le faire moi-m\u00eame<\/a>, afin de faire mes propres recettes. Et il me faut donc du matos.<\/p>\n<h3 id=\"extractiondumout\">1. L\u2019extraction du mo\u00fbt<\/h3>\n<p>Extraire le mo\u00fbt ne consiste ni plus ni moins qu\u2019\u00e0 brasser des grains de malt concass\u00e9s dans de l\u2019eau chaude. Cependant, on ne peut pas le faire n\u2019importe comment. Chimiquement, il y a beaucoup de choses qui se passent.<\/p>\n<p>Un grain de malt concass\u00e9 contient globalement de l\u2019amidon (un \u00ab\u00a0sucre lent\u00a0\u00bb), comme les p\u00e2tes ou le pain qui sont faits \u00e0 base de farine, o\u00f9 les patates, etc. Notre corps humain sait convertir l\u2019amidon en sucre rapide gr\u00e2ce \u00e0 certaines enzymes. Les levures, qui sont suppos\u00e9es utiliser le sucre du mo\u00fbt pendant la fermentation, ne peuvent pas faire cela. Heureusement, les grains de malt concass\u00e9s contiennent naturellement ces enzymes. On doit donc les extraire en brassant le grain \u00e0 une temp\u00e9rature proche de 55\u00b0C. Ceci lib\u00e8re les enzymes dans le liquide. Ensuite ces enzymes vont pouvoir agir de deux mani\u00e8res diff\u00e9rentes \u00e0 deux paliers de temp\u00e9ratures\u00a0: 63\u00b0C et 68\u00b0C. A 63\u00b0C, les enzymes vont cr\u00e9er des \u00ab\u00a0sucres rapides\u00a0\u00bb assimilables par les levures, tandis qu\u2019\u00e0 68\u00b0C, les sucres ne seront pas utilisable par les levures. Tout l\u2019int\u00e9r\u00eat r\u00e9side dans le fait qu\u2019en jouant sur la temp\u00e9rature et la dur\u00e9e des paliers, on peut choisir la proportion de sucres fermentescible (qui vont \u00eatre transform\u00e9 en alcool), ou non-fermentescible. Et donc choisir le type de bi\u00e8re finale\u00a0: bi\u00e8re qui a du corps et pas trop d\u2019alcool, ou bi\u00e8re forte qui est souvent assez \u00ab\u00a0mince\u00a0\u00bb.<\/p>\n<p>Le r\u00e9sultat de cette \u00e9tape est un mo\u00fbt de malt qui serait pr\u00eat \u00e0 \u00eatre ferment\u00e9. Mais g\u00e9n\u00e9ralement on passe toujours par une phase d\u2019houblonnage, m\u00eame l\u00e9g\u00e8re\u2026 car le houblon est tout de m\u00eame un des ingr\u00e9dients de la bi\u00e8re.<\/p>\n<h3>2. Le houblonnage<\/h3>\n<p>Une fois le mo\u00fbt filtr\u00e9 on va houblonner la bi\u00e8re. Le houblon apporte deux caract\u00e9ristiques\u00a0:<\/p>\n<ul>\n<li>De l\u2019amertume, gr\u00e2ce l\u2019acide alpha<\/li>\n<li>De l\u2019ar\u00f4me et du bouquet, gr\u00e2ce \u00e0 une multitude de compos\u00e9 aromatique.<\/li>\n<\/ul>\n<p>Pour houblonner le mo\u00fbt, on le met en \u00e9bullition et on fait infuser les fleurs dedans, comme pour le th\u00e9. Lorsque la fleur infuse, elle va lib\u00e9rer de l\u2019acide alpha, et des compos\u00e9s aromatiques. Mais pendant l\u2019\u00e9bullition, les compos\u00e9s aromatiques vont avoir tendance \u00e0 rapidement s\u2019\u00e9chapper dans l\u2019air, tandis que l\u2019acide alpha va rester. Donc pour trouver le bon \u00e9quilibre entre amertume et arome\/bouquet floral, on met le houblon en plusieurs fois. Une partie du houblon va rester peut-\u00eatre 90 minutes en \u00e9bullition et donc apporter l\u2019amertume, et une autre partie ne va rester que les 3 derni\u00e8res minutes de mani\u00e8re \u00e0 n\u2019en extraire que les compos\u00e9s aromatiques, et \u00e0 faire en sorte qu\u2019ils ne s\u2019\u00e9chappent pas.<\/p>\n<p>Le r\u00e9sultat de cette \u00e9tape est un mo\u00fbt houblonn\u00e9 pr\u00eat, une fois refroidi, \u00e0 \u00eatre ferment\u00e9.<\/p>\n<h3>3. La fermentation<\/h3>\n<p>Y\u2019a deux grandes familles de levures, les Lager et les Ale, qui produisent donc deux grandes familles de bi\u00e8re. Ce que vous achetez g\u00e9n\u00e9ralement dans le commerce \u00e9tant de la Lager car c\u2019est une bi\u00e8re moins sensible au transport et assez facile \u00e0 conserver. Cependant, quelle que soit le type de levure utilis\u00e9, le principe de fermentation reste le m\u00eame. Seule la temp\u00e9rature de fermentation influe\u00a0: les Lagers doivent rester en permanence aux alentours de 15\u00b0, et les Ale aux alentours de 21\u00b0.<\/p>\n<p>On utilise donc une cuve de fermentation o\u00f9 l\u2019on place ces deux principaux acteurs\u00a0: le mout, et les levures, puis on laisse faire\u00a0:<\/p>\n<ol>\n<li>Pendant quelques heures, les levures utilisent l\u2019oxyg\u00e8ne pour se multiplier au point d\u2019atteindre la population \u00e9norme de 150 milliards d\u2019individus par litre.<\/li>\n<li>Arriv\u00e9es \u00e0 ce stade, ne pouvant plus se reproduire, elles se mettent \u00e0 utiliser le sucre pr\u00e9sent dans le mout. En faisant cela, elles produisent de l\u2019alcool et du gaz carbonique.<\/li>\n<li>Au bout d\u2019une dizaine de jours pour une Ale (trois semaines pour une Lager), il n\u2019y a plus de sucre. Les levures s\u00e9dimentent (elles restent vivantes, mais \u00ab\u00a0s\u2019endorment\u00a0\u00bb) au fond de la cuve. C\u2019est le moment de mettre ce liquide ferment\u00e9 en bouteille.<\/li>\n<\/ol>\n<h3>4. La mise en bouteille<\/h3>\n<p>On place le liquide ferment\u00e9, mais non gazeux, dans la bouteille qu\u2019on va fermer herm\u00e9tiquement. Hem, si on ne s\u2019en tenait que l\u00e0, nous aurions des bouteilles de bi\u00e8res non-gazeuses, heuurkk\u2026<\/p>\n<p>Pour obtenir du gaz, on effectue ce qu\u2019on appelle une \u00ab\u00a0refermentation en bouteille\u00a0\u00bb. Pour ce faire, c\u2019est assez simple, \u00a0on rajoute un peu de sucre dans la bouteille avant de la fermer. Les levures r\u00e9siduelles pr\u00e9sentes dans le liquide vont \u00e0 nouveau avoir \u00e0 manger, et donc vont se remettre au travail et vont produire un peu d\u2019alcool et du gaz carbonique, qui cette fois-ci ne pourra pas s\u2019\u00e9chapper. C\u2019est ce qui fait que les bouteilles produites sont gazeuses.<\/p>\n<h3>5. La maturation<\/h3>\n<p>On place ensuite les bouteilles au frigo quelques semaines. Ceci \u00e0 pour effet de faire tomber au fond de la bouteille tous les r\u00e9sidus (houblon, levures, etc.), et clarifie la bi\u00e8re. Ces r\u00e9sidus s\u2019appellent la lie. C\u2019est la raison pour laquelle vous voyez certains types de bi\u00e8re appel\u00e9s \u00ab\u00a0bi\u00e8re sur lie\u00a0\u00bb. Il faut \u00e9viter de les servir dans le verre.<\/p>\n<h3>6. La consommation<\/h3>\n<p>Hemm, pas besoin d\u2019expliquer grand-chose \u00e0 ce stade, vous \u00eates tout autant expert que moi\u00a0!<\/p>\n","protected":false},"excerpt":{"rendered":"<p>La bi\u00e8re est grosso-modo un m\u00e9lange de\u00a0: Flotte. Les caract\u00e9ristiques de l\u2019eau sont d\u2019ailleurs tr\u00e8s importantes et influencent pas mal le r\u00e9sultat final. Malt. Le malt \u00e9tant le grain d\u2019une c\u00e9r\u00e9ale qu\u2019on aura mis en germination quelques heures puis s\u00e9ch\u00e9. Il y a plein de vari\u00e9t\u00e9 de grains et de m\u00e9thodes de s\u00e9chage qui caract\u00e9risent &hellip; <a href=\"https:\/\/biere.alereno.org\/?page_id=52\" class=\"more-link\">Continuer la lecture de <span class=\"screen-reader-text\">Comment fait-on de la bi\u00e8re ?<\/span> <span class=\"meta-nav\">&rarr;<\/span><\/a><\/p>\n","protected":false},"author":1,"featured_media":0,"parent":148,"menu_order":0,"comment_status":"open","ping_status":"open","template":"","meta":[],"_links":{"self":[{"href":"https:\/\/biere.alereno.org\/index.php?rest_route=\/wp\/v2\/pages\/52"}],"collection":[{"href":"https:\/\/biere.alereno.org\/index.php?rest_route=\/wp\/v2\/pages"}],"about":[{"href":"https:\/\/biere.alereno.org\/index.php?rest_route=\/wp\/v2\/types\/page"}],"author":[{"embeddable":true,"href":"https:\/\/biere.alereno.org\/index.php?rest_route=\/wp\/v2\/users\/1"}],"replies":[{"embeddable":true,"href":"https:\/\/biere.alereno.org\/index.php?rest_route=%2Fwp%2Fv2%2Fcomments&post=52"}],"version-history":[{"count":5,"href":"https:\/\/biere.alereno.org\/index.php?rest_route=\/wp\/v2\/pages\/52\/revisions"}],"predecessor-version":[{"id":79,"href":"https:\/\/biere.alereno.org\/index.php?rest_route=\/wp\/v2\/pages\/52\/revisions\/79"}],"up":[{"embeddable":true,"href":"https:\/\/biere.alereno.org\/index.php?rest_route=\/wp\/v2\/pages\/148"}],"wp:attachment":[{"href":"https:\/\/biere.alereno.org\/index.php?rest_route=%2Fwp%2Fv2%2Fmedia&parent=52"}],"curies":[{"name":"wp","href":"https:\/\/api.w.org\/{rel}","templated":true}]}}